{"id":102,"date":"2025-02-17T12:35:40","date_gmt":"2025-02-17T11:35:40","guid":{"rendered":"http:\/\/www.econosafari.com\/?page_id=102"},"modified":"2025-02-17T12:36:54","modified_gmt":"2025-02-17T11:36:54","slug":"presupuesto-kenia-safari-al-completo","status":"publish","type":"page","link":"https:\/\/www.econosafari.com\/index.php\/presupuesto-kenia-safari-al-completo\/","title":{"rendered":"PRESUPUESTO KENIA SAFARI AL COMPLETO"},"content":{"rendered":"\t\t<div data-elementor-type=\"wp-page\" data-elementor-id=\"102\" class=\"elementor elementor-102\">\n\t\t\t\t<div class=\"elementor-element elementor-element-4afb87a e-flex e-con-boxed e-con e-parent\" data-id=\"4afb87a\" data-element_type=\"container\" data-settings=\"{&quot;background_background&quot;:&quot;classic&quot;}\">\n\t\t\t\t\t<div class=\"e-con-inner\">\n\t\t\t\t<div class=\"elementor-element elementor-element-edbe298 elementor-widget elementor-widget-heading\" data-id=\"edbe298\" data-element_type=\"widget\" data-widget_type=\"heading.default\">\n\t\t\t\t<div class=\"elementor-widget-container\">\n\t\t\t\t\t<h2 class=\"elementor-heading-title elementor-size-default\">PIDE TU PRESUPUESTO A KENIA SAFARI AL COMPLETO<\/h2>\t\t\t\t<\/div>\n\t\t\t\t<\/div>\n\t\t\t\t\t<\/div>\n\t\t\t\t<\/div>\n\t\t<div class=\"elementor-element elementor-element-9a45a40 e-flex e-con-boxed e-con e-parent\" data-id=\"9a45a40\" data-element_type=\"container\">\n\t\t\t\t\t<div class=\"e-con-inner\">\n\t\t\t\t<div class=\"elementor-element elementor-element-907ae2a elementor-widget elementor-widget-spacer\" data-id=\"907ae2a\" data-element_type=\"widget\" data-widget_type=\"spacer.default\">\n\t\t\t\t<div class=\"elementor-widget-container\">\n\t\t\t\t\t\t\t<div class=\"elementor-spacer\">\n\t\t\t<div class=\"elementor-spacer-inner\"><\/div>\n\t\t<\/div>\n\t\t\t\t\t\t<\/div>\n\t\t\t\t<\/div>\n\t\t\t\t\t<\/div>\n\t\t\t\t<\/div>\n\t\t<div class=\"elementor-element elementor-element-6003068 e-flex e-con-boxed e-con e-parent\" data-id=\"6003068\" data-element_type=\"container\">\n\t\t\t\t\t<div class=\"e-con-inner\">\n\t\t\t\t<div class=\"elementor-element elementor-element-2d42a4e elementor-widget elementor-widget-image\" data-id=\"2d42a4e\" data-element_type=\"widget\" data-widget_type=\"image.default\">\n\t\t\t\t<div class=\"elementor-widget-container\">\n\t\t\t\t\t\t\t\t\t\t\t\t\t\t\t<img fetchpriority=\"high\" decoding=\"async\" width=\"750\" height=\"400\" src=\"https:\/\/www.econosafari.com\/wp-content\/uploads\/2025\/02\/programa-kenia-safari-al-completo.png\" class=\"attachment-large size-large wp-image-24\" alt=\"programa-kenia-safari-al-completo.png\" srcset=\"https:\/\/www.econosafari.com\/wp-content\/uploads\/2025\/02\/programa-kenia-safari-al-completo.png 750w, https:\/\/www.econosafari.com\/wp-content\/uploads\/2025\/02\/programa-kenia-safari-al-completo-300x160.png 300w\" sizes=\"(max-width: 750px) 100vw, 750px\" \/>\t\t\t\t\t\t\t\t\t\t\t\t\t\t\t<\/div>\n\t\t\t\t<\/div>\n\t\t\t\t<div class=\"elementor-element elementor-element-bfcb39b elementor-widget elementor-widget-text-editor\" data-id=\"bfcb39b\" data-element_type=\"widget\" data-widget_type=\"text-editor.default\">\n\t\t\t\t<div class=\"elementor-widget-container\">\n\t\t\t\t\t\t\t\t\t<div class=\"elementor-element elementor-element-667985d elementor-widget elementor-widget-text-editor\" data-id=\"667985d\" data-element_type=\"widget\" data-widget_type=\"text-editor.default\"><div class=\"elementor-widget-container\"><p>P\u00eddenos presupuesto, sin compromiso, para las fechas en las que vas a realizar este viaje. Nos pondremos en contacto contigo lo antes posible.<\/p><\/div><\/div>\t\t\t\t\t\t\t\t<\/div>\n\t\t\t\t<\/div>\n\t\t\t\t\t<\/div>\n\t\t\t\t<\/div>\n\t\t<div class=\"elementor-element elementor-element-a3b156b e-flex e-con-boxed e-con e-parent\" data-id=\"a3b156b\" data-element_type=\"container\">\n\t\t\t\t\t<div class=\"e-con-inner\">\n\t\t\t\t<div class=\"elementor-element elementor-element-d008916 fluentform-widget-submit-button-custom elementor-widget elementor-widget-fluent-form-widget\" data-id=\"d008916\" data-element_type=\"widget\" data-widget_type=\"fluent-form-widget.default\">\n\t\t\t\t<div class=\"elementor-widget-container\">\n\t\t\t\t\t\n            <div class=\"fluentform-widget-wrapper fluentform-widget-align-center\">\n\n            \n            <div class='fluentform ff-default fluentform_wrapper_5 ffs_default_wrap'><form data-form_id=\"5\" id=\"fluentform_5\" class=\"frm-fluent-form fluent_form_5 ff-el-form-top ff_form_instance_5_1 ff-form-loading ffs_default\" data-form_instance=\"ff_form_instance_5_1\" method=\"POST\" ><fieldset  style=\"border: none!important;margin: 0!important;padding: 0!important;background-color: transparent!important;box-shadow: none!important;outline: none!important; min-inline-size: 100%;\">\n                    <legend class=\"ff_screen_reader_title\" style=\"display: block; margin: 0!important;padding: 0!important;height: 0!important;text-indent: -999999px;width: 0!important;overflow:hidden;\">Formulario Kenia Safari Al Completo<\/legend><input type='hidden' name='__fluent_form_embded_post_id' value='102' \/><input type=\"hidden\" id=\"_fluentform_5_fluentformnonce\" name=\"_fluentform_5_fluentformnonce\" value=\"3b694ba95b\" \/><input type=\"hidden\" name=\"_wp_http_referer\" value=\"\/index.php\/wp-json\/wp\/v2\/pages\/102\" \/><div data-type=\"name-element\" data-name=\"names\" class=\" ff-field_container ff-name-field-wrapper\" ><div class='ff-t-container'><div class='ff-t-cell '><div class='ff-el-group ff-el-form-top'><div class=\"ff-el-input--label ff-el-is-required asterisk-right\"><label for='ff_5_names_first_name_' >Nombre<\/label><\/div><div class='ff-el-input--content'><input type=\"text\" name=\"names[first_name]\" id=\"ff_5_names_first_name_\" class=\"ff-el-form-control\" placeholder=\"Nombre\" aria-invalid=\"false\" aria-required=true><\/div><\/div><\/div><div class='ff-t-cell '><div class='ff-el-group ff-el-form-top'><div class=\"ff-el-input--label ff-el-is-required asterisk-right\"><label for='ff_5_names_last_name_' >Apellidos<\/label><\/div><div class='ff-el-input--content'><input type=\"text\" name=\"names[last_name]\" id=\"ff_5_names_last_name_\" class=\"ff-el-form-control\" placeholder=\"Apellidos\" aria-invalid=\"false\" aria-required=true><\/div><\/div><\/div><\/div><\/div><div class='ff-el-group'><div class=\"ff-el-input--label ff-el-is-required asterisk-right\"><label for='ff_5_email' aria-label=\"Correo electr\u00f3nico\">Correo electr\u00f3nico<\/label><\/div><div class='ff-el-input--content'><input type=\"email\" name=\"email\" id=\"ff_5_email\" class=\"ff-el-form-control\" placeholder=\"Email\" data-name=\"email\"  aria-invalid=\"false\" aria-required=true><\/div><\/div><div class='ff-el-group'><div class=\"ff-el-input--label ff-el-is-required asterisk-right\"><label for='ff_5_datetime' aria-label=\"Fecha de inicio del viaje\">Fecha de inicio del viaje<\/label><\/div><div class='ff-el-input--content'><input  aria-label='Fecha de inicio del viaje Use arrow keys to navigate dates. Press enter to select a date.'  aria-haspopup='dialog' data-type-datepicker data-format='d\/m\/Y' type=\"text\" name=\"datetime\" id=\"ff_5_datetime\" class=\"ff-el-form-control ff-el-datepicker\" placeholder=\"D\u00eda en el que desea empezar el viaje\" data-name=\"datetime\"  aria-invalid='false' aria-required=true><\/div><\/div><div class='ff-el-group'><div class=\"ff-el-input--label ff-el-is-required asterisk-right\"><label for='ff_5_numeric_field' aria-label=\"N\u00famero de pasajeros\">N\u00famero de pasajeros<\/label><\/div><div class='ff-el-input--content'><input type=\"number\" name=\"numeric_field\" id=\"ff_5_numeric_field\" class=\"ff-el-form-control\" placeholder=\"Indicar n\u00ba de personas que van al viaje\" data-name=\"numeric_field\" inputmode=\"numeric\" step=\"any\" min=\"2\" aria-valuemin=\"2\"  aria-invalid=\"false\" aria-required=true><\/div><\/div><div class='ff-el-group'><div class=\"ff-el-input--label ff-el-is-required asterisk-right\"><label for='ff_5_input_text' aria-label=\"Desde d\u00f3nde nos escribes\">Desde d\u00f3nde nos escribes<\/label><\/div><div class='ff-el-input--content'><input type=\"text\" name=\"input_text\" class=\"ff-el-form-control\" placeholder=\"Ciudad\" data-name=\"input_text\" id=\"ff_5_input_text\"  aria-invalid=\"false\" aria-required=true><\/div><\/div><div class='ff-el-group'><div class=\"ff-el-input--label ff-el-is-required asterisk-right\"><label for='ff_5_description' aria-label=\"Mensaje\">Mensaje<\/label><\/div><div class='ff-el-input--content'><textarea aria-invalid=\"false\" aria-required=true name=\"description\" id=\"ff_5_description\" class=\"ff-el-form-control\" placeholder=\"Cuando recibamos tu presupuesto nos pondremos en contacto contigo por correo electr\u00f3nico.\" rows=\"3\" cols=\"2\" data-name=\"description\" ><\/textarea><\/div><\/div><div class='ff-el-group ff-text-center ff_submit_btn_wrapper'><button type=\"submit\" class=\"ff-btn ff-btn-submit ff-btn-lg ff_btn_style\" >Enviar presupuesto<\/button><\/div><\/fieldset><\/form><div id='fluentform_5_errors' class='ff-errors-in-stack ff_form_instance_5_1 ff-form-loading_errors ff_form_instance_5_1_errors'><\/div><\/div>        <script type=\"text\/javascript\">\n            window.fluent_form_ff_form_instance_5_1 = {\"id\":\"5\",\"settings\":{\"layout\":{\"labelPlacement\":\"top\",\"asteriskPlacement\":\"asterisk-right\",\"helpMessagePlacement\":\"with_label\",\"errorMessagePlacement\":\"inline\",\"cssClassName\":\"\"},\"restrictions\":{\"denyEmptySubmission\":{\"enabled\":false}}},\"form_instance\":\"ff_form_instance_5_1\",\"form_id_selector\":\"fluentform_5\",\"rules\":{\"names[first_name]\":{\"required\":{\"value\":true,\"message\":\"Este campo es obligatorio\",\"global_message\":\"Este campo es obligatorio\",\"global\":true}},\"names[middle_name]\":{\"required\":{\"value\":false,\"message\":\"Este campo es obligatorio\",\"global_message\":\"Este campo es obligatorio\",\"global\":true}},\"names[last_name]\":{\"required\":{\"value\":true,\"message\":\"Este campo es obligatorio\",\"global_message\":\"Este campo es obligatorio\",\"global\":true}},\"email\":{\"required\":{\"value\":true,\"message\":\"Este campo es obligatorio\",\"global_message\":\"Este campo es obligatorio\",\"global\":true},\"email\":{\"value\":false,\"message\":\"Este campo debe contener un correo electr\\u00f3nico v\\u00e1lido\",\"global_message\":\"Este campo debe contener un correo electr\\u00f3nico v\\u00e1lido\",\"global\":true}},\"datetime\":{\"required\":{\"value\":true,\"message\":\"Este campo es obligatorio\",\"global_message\":\"Este campo es obligatorio\",\"global\":true}},\"numeric_field\":{\"required\":{\"value\":true,\"message\":\"Este campo es obligatorio\",\"global_message\":\"Este campo es obligatorio\",\"global\":true},\"numeric\":{\"value\":true,\"message\":\"Este campo debe contener valor num\\u00e9rico\",\"global_message\":\"Este campo debe contener valor num\\u00e9rico\",\"global\":true},\"min\":{\"value\":\"2\",\"message\":\"La validaci\\u00f3n falla por el valor m\\u00ednimo\",\"global_message\":\"La validaci\\u00f3n falla por el valor m\\u00ednimo\",\"global\":true},\"max\":{\"value\":\"\",\"message\":\"La validaci\\u00f3n falla por el valor m\\u00e1ximo\",\"global_message\":\"La validaci\\u00f3n falla por el valor m\\u00e1ximo\",\"global\":true},\"digits\":{\"value\":\"\",\"message\":\"La validaci\\u00f3n falla por d\\u00edgitos limitados\",\"global_message\":\"La validaci\\u00f3n falla por d\\u00edgitos limitados\",\"global\":true}},\"input_text\":{\"required\":{\"value\":true,\"message\":\"Este campo es obligatorio\",\"global_message\":\"Este campo es obligatorio\",\"global\":true}},\"description\":{\"required\":{\"value\":true,\"message\":\"Este campo es obligatorio\",\"global_message\":\"Este campo es obligatorio\",\"global\":true}}},\"debounce_time\":300};\n                    <\/script>\n                    <\/div>\n\n            \t\t\t\t<\/div>\n\t\t\t\t<\/div>\n\t\t\t\t\t<\/div>\n\t\t\t\t<\/div>\n\t\t\t\t<\/div>\n\t\t","protected":false},"excerpt":{"rendered":"<p>PIDE TU PRESUPUESTO A KENIA SAFARI AL COMPLETO P\u00eddenos presupuesto, sin compromiso, para las fechas en las que vas a realizar este viaje. Nos pondremos en contacto contigo lo antes posible. Formulario Kenia Safari Al Completo NombreApellidosCorreo electr\u00f3nicoFecha de inicio del viajeN\u00famero de pasajerosDesde d\u00f3nde nos escribesMensajeEnviar presupuesto<\/p>\n","protected":false},"author":1,"featured_media":18,"parent":0,"menu_order":0,"comment_status":"closed","ping_status":"closed","template":"elementor_canvas","meta":{"footnotes":""},"class_list":["post-102","page","type-page","status-publish","has-post-thumbnail","hentry"],"yoast_head":"<!-- This site is optimized with the Yoast SEO plugin v24.4 - https:\/\/yoast.com\/wordpress\/plugins\/seo\/ -->\n<title>PRESUPUESTO KENIA SAFARI AL COMPLETO - EconoSafari<\/title>\n<meta name=\"robots\" content=\"index, follow, max-snippet:-1, max-image-preview:large, max-video-preview:-1\" \/>\n<link rel=\"canonical\" href=\"https:\/\/www.econosafari.com\/index.php\/presupuesto-kenia-safari-al-completo\/\" \/>\n<meta property=\"og:locale\" content=\"es_ES\" \/>\n<meta property=\"og:type\" content=\"article\" \/>\n<meta property=\"og:title\" content=\"PRESUPUESTO KENIA SAFARI AL COMPLETO - EconoSafari\" \/>\n<meta property=\"og:description\" content=\"PIDE TU PRESUPUESTO A KENIA SAFARI AL COMPLETO P\u00eddenos presupuesto, sin compromiso, para las fechas en las que vas a realizar este viaje. Nos pondremos en contacto contigo lo antes posible. Formulario Kenia Safari Al Completo NombreApellidosCorreo electr\u00f3nicoFecha de inicio del viajeN\u00famero de pasajerosDesde d\u00f3nde nos escribesMensajeEnviar presupuesto\" \/>\n<meta property=\"og:url\" content=\"https:\/\/www.econosafari.com\/index.php\/presupuesto-kenia-safari-al-completo\/\" \/>\n<meta property=\"og:site_name\" content=\"EconoSafari\" \/>\n<meta property=\"article:modified_time\" content=\"2025-02-17T11:36:54+00:00\" \/>\n<meta property=\"og:image\" content=\"https:\/\/www.econosafari.com\/wp-content\/uploads\/2025\/02\/kenia-safari-expres.png\" \/>\n\t<meta property=\"og:image:width\" content=\"750\" \/>\n\t<meta property=\"og:image:height\" content=\"400\" \/>\n\t<meta property=\"og:image:type\" content=\"image\/png\" \/>\n<meta name=\"twitter:card\" content=\"summary_large_image\" \/>\n<meta name=\"twitter:label1\" content=\"Tiempo de lectura\" \/>\n\t<meta name=\"twitter:data1\" content=\"1 minuto\" \/>\n<script type=\"application\/ld+json\" class=\"yoast-schema-graph\">{\"@context\":\"https:\/\/schema.org\",\"@graph\":[{\"@type\":\"WebPage\",\"@id\":\"https:\/\/www.econosafari.com\/index.php\/presupuesto-kenia-safari-al-completo\/\",\"url\":\"https:\/\/www.econosafari.com\/index.php\/presupuesto-kenia-safari-al-completo\/\",\"name\":\"PRESUPUESTO KENIA SAFARI AL COMPLETO - EconoSafari\",\"isPartOf\":{\"@id\":\"https:\/\/www.econosafari.com\/#website\"},\"primaryImageOfPage\":{\"@id\":\"https:\/\/www.econosafari.com\/index.php\/presupuesto-kenia-safari-al-completo\/#primaryimage\"},\"image\":{\"@id\":\"https:\/\/www.econosafari.com\/index.php\/presupuesto-kenia-safari-al-completo\/#primaryimage\"},\"thumbnailUrl\":\"https:\/\/www.econosafari.com\/wp-content\/uploads\/2025\/02\/kenia-safari-expres.png\",\"datePublished\":\"2025-02-17T11:35:40+00:00\",\"dateModified\":\"2025-02-17T11:36:54+00:00\",\"breadcrumb\":{\"@id\":\"https:\/\/www.econosafari.com\/index.php\/presupuesto-kenia-safari-al-completo\/#breadcrumb\"},\"inLanguage\":\"es\",\"potentialAction\":[{\"@type\":\"ReadAction\",\"target\":[\"https:\/\/www.econosafari.com\/index.php\/presupuesto-kenia-safari-al-completo\/\"]}]},{\"@type\":\"ImageObject\",\"inLanguage\":\"es\",\"@id\":\"https:\/\/www.econosafari.com\/index.php\/presupuesto-kenia-safari-al-completo\/#primaryimage\",\"url\":\"https:\/\/www.econosafari.com\/wp-content\/uploads\/2025\/02\/kenia-safari-expres.png\",\"contentUrl\":\"https:\/\/www.econosafari.com\/wp-content\/uploads\/2025\/02\/kenia-safari-expres.png\",\"width\":750,\"height\":400,\"caption\":\"portada kenia safari expres\"},{\"@type\":\"BreadcrumbList\",\"@id\":\"https:\/\/www.econosafari.com\/index.php\/presupuesto-kenia-safari-al-completo\/#breadcrumb\",\"itemListElement\":[{\"@type\":\"ListItem\",\"position\":1,\"name\":\"Portada\",\"item\":\"https:\/\/www.econosafari.com\/\"},{\"@type\":\"ListItem\",\"position\":2,\"name\":\"PRESUPUESTO KENIA SAFARI AL COMPLETO\"}]},{\"@type\":\"WebSite\",\"@id\":\"https:\/\/www.econosafari.com\/#website\",\"url\":\"https:\/\/www.econosafari.com\/\",\"name\":\"EconoSafari\",\"description\":\"by BurgosTravel\",\"publisher\":{\"@id\":\"https:\/\/www.econosafari.com\/#organization\"},\"alternateName\":\"EconoViaje\",\"potentialAction\":[{\"@type\":\"SearchAction\",\"target\":{\"@type\":\"EntryPoint\",\"urlTemplate\":\"https:\/\/www.econosafari.com\/?s={search_term_string}\"},\"query-input\":{\"@type\":\"PropertyValueSpecification\",\"valueRequired\":true,\"valueName\":\"search_term_string\"}}],\"inLanguage\":\"es\"},{\"@type\":\"Organization\",\"@id\":\"https:\/\/www.econosafari.com\/#organization\",\"name\":\"EconoSafari\",\"url\":\"https:\/\/www.econosafari.com\/\",\"logo\":{\"@type\":\"ImageObject\",\"inLanguage\":\"es\",\"@id\":\"https:\/\/www.econosafari.com\/#\/schema\/logo\/image\/\",\"url\":\"https:\/\/www.econosafari.com\/wp-content\/uploads\/2025\/02\/cropped-logo-econoviaje-blanco.png\",\"contentUrl\":\"https:\/\/www.econosafari.com\/wp-content\/uploads\/2025\/02\/cropped-logo-econoviaje-blanco.png\",\"width\":1999,\"height\":1999,\"caption\":\"EconoSafari\"},\"image\":{\"@id\":\"https:\/\/www.econosafari.com\/#\/schema\/logo\/image\/\"}}]}<\/script>\n<!-- \/ Yoast SEO plugin. -->","yoast_head_json":{"title":"PRESUPUESTO KENIA SAFARI AL COMPLETO - EconoSafari","robots":{"index":"index","follow":"follow","max-snippet":"max-snippet:-1","max-image-preview":"max-image-preview:large","max-video-preview":"max-video-preview:-1"},"canonical":"https:\/\/www.econosafari.com\/index.php\/presupuesto-kenia-safari-al-completo\/","og_locale":"es_ES","og_type":"article","og_title":"PRESUPUESTO KENIA SAFARI AL COMPLETO - EconoSafari","og_description":"PIDE TU PRESUPUESTO A KENIA SAFARI AL COMPLETO P\u00eddenos presupuesto, sin compromiso, para las fechas en las que vas a realizar este viaje. Nos pondremos en contacto contigo lo antes posible. Formulario Kenia Safari Al Completo NombreApellidosCorreo electr\u00f3nicoFecha de inicio del viajeN\u00famero de pasajerosDesde d\u00f3nde nos escribesMensajeEnviar presupuesto","og_url":"https:\/\/www.econosafari.com\/index.php\/presupuesto-kenia-safari-al-completo\/","og_site_name":"EconoSafari","article_modified_time":"2025-02-17T11:36:54+00:00","og_image":[{"width":750,"height":400,"url":"https:\/\/www.econosafari.com\/wp-content\/uploads\/2025\/02\/kenia-safari-expres.png","type":"image\/png"}],"twitter_card":"summary_large_image","twitter_misc":{"Tiempo de lectura":"1 minuto"},"schema":{"@context":"https:\/\/schema.org","@graph":[{"@type":"WebPage","@id":"https:\/\/www.econosafari.com\/index.php\/presupuesto-kenia-safari-al-completo\/","url":"https:\/\/www.econosafari.com\/index.php\/presupuesto-kenia-safari-al-completo\/","name":"PRESUPUESTO KENIA SAFARI AL COMPLETO - EconoSafari","isPartOf":{"@id":"https:\/\/www.econosafari.com\/#website"},"primaryImageOfPage":{"@id":"https:\/\/www.econosafari.com\/index.php\/presupuesto-kenia-safari-al-completo\/#primaryimage"},"image":{"@id":"https:\/\/www.econosafari.com\/index.php\/presupuesto-kenia-safari-al-completo\/#primaryimage"},"thumbnailUrl":"https:\/\/www.econosafari.com\/wp-content\/uploads\/2025\/02\/kenia-safari-expres.png","datePublished":"2025-02-17T11:35:40+00:00","dateModified":"2025-02-17T11:36:54+00:00","breadcrumb":{"@id":"https:\/\/www.econosafari.com\/index.php\/presupuesto-kenia-safari-al-completo\/#breadcrumb"},"inLanguage":"es","potentialAction":[{"@type":"ReadAction","target":["https:\/\/www.econosafari.com\/index.php\/presupuesto-kenia-safari-al-completo\/"]}]},{"@type":"ImageObject","inLanguage":"es","@id":"https:\/\/www.econosafari.com\/index.php\/presupuesto-kenia-safari-al-completo\/#primaryimage","url":"https:\/\/www.econosafari.com\/wp-content\/uploads\/2025\/02\/kenia-safari-expres.png","contentUrl":"https:\/\/www.econosafari.com\/wp-content\/uploads\/2025\/02\/kenia-safari-expres.png","width":750,"height":400,"caption":"portada kenia safari expres"},{"@type":"BreadcrumbList","@id":"https:\/\/www.econosafari.com\/index.php\/presupuesto-kenia-safari-al-completo\/#breadcrumb","itemListElement":[{"@type":"ListItem","position":1,"name":"Portada","item":"https:\/\/www.econosafari.com\/"},{"@type":"ListItem","position":2,"name":"PRESUPUESTO KENIA SAFARI AL COMPLETO"}]},{"@type":"WebSite","@id":"https:\/\/www.econosafari.com\/#website","url":"https:\/\/www.econosafari.com\/","name":"EconoSafari","description":"by BurgosTravel","publisher":{"@id":"https:\/\/www.econosafari.com\/#organization"},"alternateName":"EconoViaje","potentialAction":[{"@type":"SearchAction","target":{"@type":"EntryPoint","urlTemplate":"https:\/\/www.econosafari.com\/?s={search_term_string}"},"query-input":{"@type":"PropertyValueSpecification","valueRequired":true,"valueName":"search_term_string"}}],"inLanguage":"es"},{"@type":"Organization","@id":"https:\/\/www.econosafari.com\/#organization","name":"EconoSafari","url":"https:\/\/www.econosafari.com\/","logo":{"@type":"ImageObject","inLanguage":"es","@id":"https:\/\/www.econosafari.com\/#\/schema\/logo\/image\/","url":"https:\/\/www.econosafari.com\/wp-content\/uploads\/2025\/02\/cropped-logo-econoviaje-blanco.png","contentUrl":"https:\/\/www.econosafari.com\/wp-content\/uploads\/2025\/02\/cropped-logo-econoviaje-blanco.png","width":1999,"height":1999,"caption":"EconoSafari"},"image":{"@id":"https:\/\/www.econosafari.com\/#\/schema\/logo\/image\/"}}]}},"_links":{"self":[{"href":"https:\/\/www.econosafari.com\/index.php\/wp-json\/wp\/v2\/pages\/102","targetHints":{"allow":["GET"]}}],"collection":[{"href":"https:\/\/www.econosafari.com\/index.php\/wp-json\/wp\/v2\/pages"}],"about":[{"href":"https:\/\/www.econosafari.com\/index.php\/wp-json\/wp\/v2\/types\/page"}],"author":[{"embeddable":true,"href":"https:\/\/www.econosafari.com\/index.php\/wp-json\/wp\/v2\/users\/1"}],"replies":[{"embeddable":true,"href":"https:\/\/www.econosafari.com\/index.php\/wp-json\/wp\/v2\/comments?post=102"}],"version-history":[{"count":0,"href":"https:\/\/www.econosafari.com\/index.php\/wp-json\/wp\/v2\/pages\/102\/revisions"}],"wp:featuredmedia":[{"embeddable":true,"href":"https:\/\/www.econosafari.com\/index.php\/wp-json\/wp\/v2\/media\/18"}],"wp:attachment":[{"href":"https:\/\/www.econosafari.com\/index.php\/wp-json\/wp\/v2\/media?parent=102"}],"curies":[{"name":"wp","href":"https:\/\/api.w.org\/{rel}","templated":true}]}}